{"id":968,"date":"2024-06-07T08:19:05","date_gmt":"2024-06-07T06:19:05","guid":{"rendered":"https:\/\/www.kronostav.sk\/?page_id=968"},"modified":"2026-03-11T12:04:57","modified_gmt":"2026-03-11T11:04:57","slug":"vyhody-napinanych-stropov","status":"publish","type":"page","link":"https:\/\/www.kronostav.sk\/index.php\/vyhody-napinanych-stropov\/","title":{"rendered":"V\u00fdhody nap\u00ednan\u00fdch stropov"},"content":{"rendered":"\t\t<div data-elementor-type=\"wp-page\" data-elementor-id=\"968\" class=\"elementor elementor-968\">\n\t\t\t\t\t\t<section class=\"elementor-section elementor-top-section elementor-element elementor-element-2fa5c8be elementor-section-boxed elementor-section-height-default elementor-section-height-default\" data-id=\"2fa5c8be\" data-element_type=\"section\" data-e-type=\"section\">\n\t\t\t\t\t\t<div class=\"elementor-container elementor-column-gap-default\">\n\t\t\t\t\t<div class=\"elementor-column elementor-col-33 elementor-top-column elementor-element elementor-element-3eb38a57\" data-id=\"3eb38a57\" data-element_type=\"column\" data-e-type=\"column\">\n\t\t\t<div class=\"elementor-widget-wrap elementor-element-populated\">\n\t\t\t\t\t\t<div class=\"elementor-element elementor-element-3874ca6a elementor-widget elementor-widget-wd_image_or_svg\" data-id=\"3874ca6a\" data-element_type=\"widget\" data-e-type=\"widget\" data-widget_type=\"wd_image_or_svg.default\">\n\t\t\t\t<div class=\"elementor-widget-container\">\n\t\t\t\t\t\n\t\t<div class=\"wd-image text-left\">\n\t\t\t\t\t\t\t\t<img fetchpriority=\"high\" decoding=\"async\" width=\"768\" height=\"1024\" src=\"https:\/\/www.kronostav.sk\/wp-content\/uploads\/2025\/10\/photo_2025-07-18_14-05-21-768x1024.jpg\" class=\"attachment-medium_large size-medium_large\" alt=\"Modern\u00e9 ko\u013eajnicov\u00e9 osvetlenie v nap\u00ednanom strope: Flexibiln\u00e9 rie\u0161enie pre v\u00e1\u0161 interi\u00e9r | KRONOSTAV\" srcset=\"https:\/\/www.kronostav.sk\/wp-content\/uploads\/2025\/10\/photo_2025-07-18_14-05-21-768x1024.jpg 768w, https:\/\/www.kronostav.sk\/wp-content\/uploads\/2025\/10\/photo_2025-07-18_14-05-21-225x300.jpg 225w, https:\/\/www.kronostav.sk\/wp-content\/uploads\/2025\/10\/photo_2025-07-18_14-05-21.jpg 960w\" sizes=\"(max-width: 768px) 100vw, 768px\" \/>\t\t\t\t\t<\/div>\n\n\t\t\t\t\t\t<\/div>\n\t\t\t\t<\/div>\n\t\t\t\t\t<\/div>\n\t\t<\/div>\n\t\t\t\t<div class=\"elementor-column elementor-col-66 elementor-top-column elementor-element elementor-element-45bda3b2\" data-id=\"45bda3b2\" data-element_type=\"column\" data-e-type=\"column\">\n\t\t\t<div class=\"elementor-widget-wrap elementor-element-populated\">\n\t\t\t\t\t\t\t<link rel=\"stylesheet\" id=\"wd-mod-animations-keyframes-css\" href=\"https:\/\/www.kronostav.sk\/wp-content\/themes\/woodmart\/css\/parts\/mod-animations-keyframes.min.css?ver=7.4.3\" type=\"text\/css\" media=\"all\" \/> \t\t\t\t\t<div class=\"elementor-element elementor-element-1a6cf943 wd-width-100 elementor-invisible elementor-widget elementor-widget-wd_title\" data-id=\"1a6cf943\" data-element_type=\"widget\" data-e-type=\"widget\" data-settings=\"{&quot;_animation&quot;:&quot;fadeInRight&quot;}\" data-widget_type=\"wd_title.default\">\n\t\t\t\t<div class=\"elementor-widget-container\">\n\t\t\t\t\t\t\t\t<link rel=\"stylesheet\" id=\"wd-section-title-css\" href=\"https:\/\/www.kronostav.sk\/wp-content\/themes\/woodmart\/css\/parts\/el-section-title.min.css?ver=7.4.3\" type=\"text\/css\" media=\"all\" \/> \t\t\t\t\t\t<link rel=\"stylesheet\" id=\"wd-section-title-style-simple-and-brd-css\" href=\"https:\/\/www.kronostav.sk\/wp-content\/themes\/woodmart\/css\/parts\/el-section-title-style-simple-and-brd.min.css?ver=7.4.3\" type=\"text\/css\" media=\"all\" \/> \t\t\t\t\t<div class=\"title-wrapper set-mb-s reset-last-child wd-title-color-default wd-title-style-bordered wd-title-size-extra-large text-left\">\n\n\t\t\t\n\t\t\t<div class=\"liner-continer\">\n\t\t\t\t<h1 class=\"woodmart-title-container title wd-fontsize-xxxl\">V\u00fdhody nap\u00ednan\u00fdch stropov<\/h1> \n\t\t\t\t\t\t\t<\/div>\n\n\t\t\t\t\t<\/div>\n\t\t\t\t\t\t<\/div>\n\t\t\t\t<\/div>\n\t\t\t\t<div class=\"elementor-element elementor-element-403683c3 elementor-invisible elementor-widget elementor-widget-wd_text_block\" data-id=\"403683c3\" data-element_type=\"widget\" data-e-type=\"widget\" data-settings=\"{&quot;_animation&quot;:&quot;fadeInRight&quot;,&quot;_animation_delay&quot;:400}\" data-widget_type=\"wd_text_block.default\">\n\t\t\t\t<div class=\"elementor-widget-container\">\n\t\t\t\t\t\t\t\t<link rel=\"stylesheet\" id=\"wd-text-block-css\" href=\"https:\/\/www.kronostav.sk\/wp-content\/themes\/woodmart\/css\/parts\/el-text-block.min.css?ver=7.4.3\" type=\"text\/css\" media=\"all\" \/> \t\t\t\t\t<div class=\"wd-text-block reset-last-child text-left\">\n\t\t\t\n\t\t\t<p>Sme pripraven\u00ed premeni\u0165 aj V\u00e1\u0161 priestor. Ak uva\u017eujete o <b>nap\u00ednanom strope<\/b>, radi v\u00e1m predstav\u00edme v\u0161etky mo\u017enosti a pom\u00f4\u017eeme v\u00e1m vybra\u0165 to najlep\u0161ie rie\u0161enie presne pre va\u0161e potreby.<\/p>\n\t\t\t\t\t<\/div>\n\t\t\t\t\t\t<\/div>\n\t\t\t\t<\/div>\n\t\t\t\t<div class=\"elementor-element elementor-element-f8e94af elementor-widget__width-auto elementor-hidden-tablet elementor-hidden-mobile e-transform elementor-invisible elementor-widget elementor-widget-wd_button\" data-id=\"f8e94af\" data-element_type=\"widget\" data-e-type=\"widget\" data-settings=\"{&quot;_animation&quot;:&quot;fadeInUp&quot;,&quot;_animation_delay&quot;:800,&quot;_transform_translateX_effect&quot;:{&quot;unit&quot;:&quot;px&quot;,&quot;size&quot;:0,&quot;sizes&quot;:[]},&quot;_transform_translateY_effect&quot;:{&quot;unit&quot;:&quot;px&quot;,&quot;size&quot;:24,&quot;sizes&quot;:[]},&quot;_transform_translateX_effect_tablet&quot;:{&quot;unit&quot;:&quot;px&quot;,&quot;size&quot;:&quot;&quot;,&quot;sizes&quot;:[]},&quot;_transform_translateX_effect_mobile&quot;:{&quot;unit&quot;:&quot;px&quot;,&quot;size&quot;:&quot;&quot;,&quot;sizes&quot;:[]},&quot;_transform_translateY_effect_tablet&quot;:{&quot;unit&quot;:&quot;px&quot;,&quot;size&quot;:&quot;&quot;,&quot;sizes&quot;:[]},&quot;_transform_translateY_effect_mobile&quot;:{&quot;unit&quot;:&quot;px&quot;,&quot;size&quot;:&quot;&quot;,&quot;sizes&quot;:[]}}\" data-widget_type=\"wd_button.default\">\n\t\t\t\t<div class=\"elementor-widget-container\">\n\t\t\t\t\t\t\t<div class=\"wd-button-wrapper text-left\" >\n\t\t\t<a class=\"btn btn-style-default btn-style-semi-round btn-size-default btn-scheme-custom btn-scheme-hover-inherit btn-icon-pos-right\"  href=\"https:\/\/www.kronostav.sk\/index.php\/kontakty\/\">\n\t\t\t\t<span class=\"wd-btn-text\" data-elementor-setting-key=\"text\">\n\t\t\t\t\tBEZPLATN\u00c9 ZAMERANIE\t\t\t\t<\/span>\n\n\t\t\t\t\t\t\t<\/a>\n\t\t<\/div>\n\t\t\t\t\t\t<\/div>\n\t\t\t\t<\/div>\n\t\t\t\t\t<\/div>\n\t\t<\/div>\n\t\t\t\t\t<\/div>\n\t\t<\/section>\n\t\t\t\t<section class=\"elementor-section elementor-top-section elementor-element elementor-element-874bf67 elementor-section-boxed elementor-section-height-default elementor-section-height-default\" data-id=\"874bf67\" data-element_type=\"section\" data-e-type=\"section\">\n\t\t\t\t\t\t<div class=\"elementor-container elementor-column-gap-default\">\n\t\t\t\t\t<div class=\"elementor-column elementor-col-100 elementor-top-column elementor-element elementor-element-75c16e47\" data-id=\"75c16e47\" data-element_type=\"column\" data-e-type=\"column\">\n\t\t\t<div class=\"elementor-widget-wrap elementor-element-populated\">\n\t\t\t\t\t\t<div class=\"elementor-element elementor-element-4dd7e5e7 elementor-widget elementor-widget-wd_text_block\" data-id=\"4dd7e5e7\" data-element_type=\"widget\" data-e-type=\"widget\" data-widget_type=\"wd_text_block.default\">\n\t\t\t\t<div class=\"elementor-widget-container\">\n\t\t\t\t\t\t\t<div class=\"wd-text-block reset-last-child text-left\">\n\t\t\t\n\t\t\t<blockquote><p><span style=\"color: #000000;\">Nap\u00ednan\u00e9 stropy predstavuj\u00fa modern\u00e9 a praktick\u00e9 rie\u0161enie pre v\u00e1\u0161 interi\u00e9r, ktor\u00e9 prin\u00e1\u0161a mno\u017estvo v\u00fdhod:<\/span><\/p><\/blockquote><ol><li><p><span style=\"color: #000000;\"><strong>Estetick\u00fd vzh\u013ead:<\/strong><\/span> Nap\u00ednan\u00e9 stropy poskytuj\u00fa rovnomern\u00fd a hladk\u00fd povrch, ktor\u00fd dod\u00e1va miestnosti elegantn\u00fd a \u0161t\u00fdlov\u00fd vzh\u013ead. Ich jednoduch\u00fd a \u010dist\u00fd dizajn sa hod\u00ed do r\u00f4znych typov interi\u00e9rov a m\u00f4\u017ee by\u0165 prisp\u00f4soben\u00fd va\u0161im preferenci\u00e1m a \u0161t\u00fdlu.<\/p><\/li><li><p><span style=\"color: #000000;\"><strong>R\u00fdchla in\u0161tal\u00e1cia:<\/strong><\/span> In\u0161tal\u00e1cia nap\u00ednan\u00fdch stropov je ove\u013ea r\u00fdchlej\u0161ia a menej ru\u0161iv\u00e1 ako tradi\u010dn\u00e9 stropn\u00e9 syst\u00e9my. V\u010faka tomu m\u00f4\u017eete r\u00fdchlo a jednoducho renovova\u0165 svoj interi\u00e9r bez zbyto\u010dn\u00fdch obmedzen\u00ed a nepr\u00edjemnost\u00ed.<\/p><\/li><li><p><span style=\"color: #000000;\"><strong>Odolnos\u0165 vo\u010di vlhkosti:<\/strong><\/span> Nap\u00ednan\u00e9 stropy s\u00fa odoln\u00e9 vo\u010di vlhkosti a neabsorbuj\u00fa vodu. To znamen\u00e1, \u017ee s\u00fa ide\u00e1lne pre k\u00fape\u013ene, kuchyne a \u010fal\u0161ie miestnosti so zv\u00fd\u0161enou vlhkos\u0165ou, kde m\u00f4\u017eu odola\u0165 plesniam a in\u00fdm probl\u00e9mom spojen\u00fdm s vlhkos\u0165ou.<\/p><\/li><li><p><span style=\"color: #000000;\"><strong>Jednoduch\u00e1 \u00fadr\u017eba:<\/strong><\/span> Nap\u00ednan\u00e9 stropy sa \u013eahko udr\u017eiavaj\u00fa a \u010distia. Sta\u010d\u00ed ich jednoducho utrie\u0165 vlhkou handrou a m\u00e4kk\u00fdm \u010distiacim prostriedkom, aby zostali \u010dist\u00e9 a bez \u0161kv\u0155n.<\/p><\/li><li><p><span style=\"color: #000000;\"><strong>Mo\u017enosti osvetlenia:<\/strong><\/span> Nap\u00ednan\u00e9 stropy umo\u017e\u0148uj\u00fa integrova\u0165 r\u00f4zne druhy osvetlenia, ako s\u00fa LED svetl\u00e1, bodov\u00e9 svietidl\u00e1 alebo skryt\u00e9 osvetlenie. To v\u00e1m d\u00e1va mo\u017enos\u0165 vytvori\u0165 si presne tak\u00fa atmosf\u00e9ru, ak\u00fa si \u017eel\u00e1te vo svojom interi\u00e9ri.<\/p><\/li><li><p><span style=\"color: #000000;\"><strong>Akustick\u00e9 vlastnosti:<\/strong><\/span> Niektor\u00e9 nap\u00ednan\u00e9 stropy s\u00fa navrhnut\u00e9 s akustick\u00fdmi vlastnos\u0165ami, ktor\u00e9 m\u00f4\u017eu zlep\u0161i\u0165 zvukov\u00fa kvalitu miestnosti a zni\u017eova\u0165 odrazy zvuku.<\/p><\/li><\/ol>\n\t\t\t\t\t<\/div>\n\t\t\t\t\t\t<\/div>\n\t\t\t\t<\/div>\n\t\t\t\t\t<\/div>\n\t\t<\/div>\n\t\t\t\t\t<\/div>\n\t\t<\/section>\n\t\t<div class=\"elementor-element elementor-element-8b53b1d e-flex e-con-boxed e-con e-parent\" data-id=\"8b53b1d\" data-element_type=\"container\" data-e-type=\"container\">\n\t\t\t\t\t<div class=\"e-con-inner\">\n\t\t\t\t<div class=\"elementor-element elementor-element-ec4b1bd wd-width-100 elementor-invisible elementor-widget elementor-widget-wd_title\" data-id=\"ec4b1bd\" data-element_type=\"widget\" data-e-type=\"widget\" data-settings=\"{&quot;_animation&quot;:&quot;fadeIn&quot;}\" data-widget_type=\"wd_title.default\">\n\t\t\t\t<div class=\"elementor-widget-container\">\n\t\t\t\t\t\t\t<div class=\"title-wrapper set-mb-s reset-last-child wd-title-color-default wd-title-style-bordered wd-title-size-extra-large text-center\">\n\n\t\t\t\n\t\t\t<div class=\"liner-continer\">\n\t\t\t\t<h4 class=\"woodmart-title-container title wd-fontsize-xxxl\">M\u00e1te Ot\u00e1zky?<\/h4> \n\t\t\t\t\t\t\t<\/div>\n\n\t\t\t\t\t<\/div>\n\t\t\t\t\t\t<\/div>\n\t\t\t\t<\/div>\n\t\t\t\t\t<\/div>\n\t\t\t\t<\/div>\n\t\t\t\t<section class=\"elementor-section elementor-top-section elementor-element elementor-element-3deafd5 wd-section-stretch elementor-section-boxed elementor-section-height-default elementor-section-height-default\" data-id=\"3deafd5\" data-element_type=\"section\" data-e-type=\"section\">\n\t\t\t\t\t\t<div class=\"elementor-container elementor-column-gap-default\">\n\t\t\t\t\t<div class=\"elementor-column elementor-col-20 elementor-top-column elementor-element elementor-element-05d6c68\" data-id=\"05d6c68\" data-element_type=\"column\" data-e-type=\"column\">\n\t\t\t<div class=\"elementor-widget-wrap elementor-element-populated\">\n\t\t\t\t\t\t<div class=\"elementor-element elementor-element-d30239d elementor-widget elementor-widget-wd_infobox\" data-id=\"d30239d\" data-element_type=\"widget\" data-e-type=\"widget\" data-widget_type=\"wd_infobox.default\">\n\t\t\t\t<div class=\"elementor-widget-container\">\n\t\t\t\t\t\t\t\t<link rel=\"stylesheet\" id=\"wd-info-box-css\" href=\"https:\/\/www.kronostav.sk\/wp-content\/themes\/woodmart\/css\/parts\/el-info-box.min.css?ver=7.4.3\" type=\"text\/css\" media=\"all\" \/> \t\t\t\t\t<div class=\"info-box-wrapper\">\n\t\t\t<div class=\"wd-info-box text-center box-icon-align-top box-style-base color-scheme-\">\n\t\t\t\t\t\t\t\t\t<div class=\"box-icon-wrapper  box-with-text text-size-large box-icon-simple\">\n\t\t\t\t\t\t<div class=\"info-box-icon\">\n\t\t\t\t\t\t\t\t\t\t\t\t\t\t\t1\t\t\t\t\t\t\t\t\t\t\t\t\t<\/div>\n\t\t\t\t\t<\/div>\n\t\t\t\t\n\t\t\t\t<div class=\"info-box-content\">\n\t\t\t\t\t\n\t\t\t\t\t\t\t\t\t\t\t<h4\t\t\t\t\t\tclass=\"info-box-title title box-title-style-default wd-fontsize-xl\" data-elementor-setting-key=\"title\">\n\t\t\t\t\t\t\t\tChatujte s Nami Hne\u010f!\t\t\t\t\t\t<\/h4>\n\t\t\t\t\t\n\t\t\t\t\t<div class=\"info-box-inner set-cont-mb-s reset-last-child\"data-elementor-setting-key=\"content\"><p>v dolnej \u010dasti obrazovky<\/p>\n<\/div>\n\n\t\t\t\t\t\t\t\t\t<\/div>\n\n\t\t\t\t\t\t\t\t\t<a href=\"#\" class=\"wd-info-box-link wd-fill\" aria-label=\"Infobox link\"><\/a>\n\t\t\t\t\t\t\t<\/div>\n\t\t<\/div>\n\t\t\t\t\t\t<\/div>\n\t\t\t\t<\/div>\n\t\t\t\t\t<\/div>\n\t\t<\/div>\n\t\t\t\t<div class=\"elementor-column elementor-col-20 elementor-top-column elementor-element elementor-element-61d5df2\" data-id=\"61d5df2\" data-element_type=\"column\" data-e-type=\"column\">\n\t\t\t<div class=\"elementor-widget-wrap elementor-element-populated\">\n\t\t\t\t\t\t<div class=\"elementor-element elementor-element-458296a elementor-widget elementor-widget-wd_infobox\" data-id=\"458296a\" data-element_type=\"widget\" data-e-type=\"widget\" data-widget_type=\"wd_infobox.default\">\n\t\t\t\t<div class=\"elementor-widget-container\">\n\t\t\t\t\t\t\t<div class=\"info-box-wrapper\">\n\t\t\t<div class=\"wd-info-box text-center box-icon-align-top box-style-base color-scheme-\">\n\t\t\t\t\t\t\t\t\t<div class=\"box-icon-wrapper  box-with-text text-size-large box-icon-simple\">\n\t\t\t\t\t\t<div class=\"info-box-icon\">\n\t\t\t\t\t\t\t\t\t\t\t\t\t\t\t2\t\t\t\t\t\t\t\t\t\t\t\t\t<\/div>\n\t\t\t\t\t<\/div>\n\t\t\t\t\n\t\t\t\t<div class=\"info-box-content\">\n\t\t\t\t\t\n\t\t\t\t\t\t\t\t\t\t\t<h4\t\t\t\t\t\tclass=\"info-box-title title box-title-style-default wd-fontsize-xl\" data-elementor-setting-key=\"title\">\n\t\t\t\t\t\t\t\tZavolajte N\u00e1m<br \/>\n\t\t\t\t\t\t<\/h4>\n\t\t\t\t\t\n\t\t\t\t\t<div class=\"info-box-inner set-cont-mb-s reset-last-child\"data-elementor-setting-key=\"content\"><p><span style=\"color: #ff8000;\"><strong><a style=\"color: #ff8000;\" href=\"tel:+421915446422\">+421 915 446 422<\/a><br \/><a style=\"color: #ff8000;\" href=\"tel:+421915218654\">+421 915 218 654<\/a><\/strong><\/span><\/p>\n<\/div>\n\n\t\t\t\t\t\t\t\t\t<\/div>\n\n\t\t\t\t\t\t\t\t\t<a href=\"#\" class=\"wd-info-box-link wd-fill\" aria-label=\"Infobox link\"><\/a>\n\t\t\t\t\t\t\t<\/div>\n\t\t<\/div>\n\t\t\t\t\t\t<\/div>\n\t\t\t\t<\/div>\n\t\t\t\t\t<\/div>\n\t\t<\/div>\n\t\t\t\t<div class=\"elementor-column elementor-col-20 elementor-top-column elementor-element elementor-element-e6651e1\" data-id=\"e6651e1\" data-element_type=\"column\" data-e-type=\"column\">\n\t\t\t<div class=\"elementor-widget-wrap elementor-element-populated\">\n\t\t\t\t\t\t<div class=\"elementor-element elementor-element-ec56f26 elementor-widget elementor-widget-wd_infobox\" data-id=\"ec56f26\" data-element_type=\"widget\" data-e-type=\"widget\" data-widget_type=\"wd_infobox.default\">\n\t\t\t\t<div class=\"elementor-widget-container\">\n\t\t\t\t\t\t\t<div class=\"info-box-wrapper\">\n\t\t\t<div class=\"wd-info-box text-center box-icon-align-top box-style-base color-scheme-\">\n\t\t\t\t\t\t\t\t\t<div class=\"box-icon-wrapper  box-with-text text-size-large box-icon-simple\">\n\t\t\t\t\t\t<div class=\"info-box-icon\">\n\t\t\t\t\t\t\t\t\t\t\t\t\t\t\t3\t\t\t\t\t\t\t\t\t\t\t\t\t<\/div>\n\t\t\t\t\t<\/div>\n\t\t\t\t\n\t\t\t\t<div class=\"info-box-content\">\n\t\t\t\t\t\n\t\t\t\t\t\t\t\t\t\t\t<h4\t\t\t\t\t\tclass=\"info-box-title title box-title-style-default wd-fontsize-xl\" data-elementor-setting-key=\"title\">\n\t\t\t\t\t\t\t\tNap\u00ed\u0161te N\u00e1m <br \/>\nE-mail\t\t\t\t\t\t<\/h4>\n\t\t\t\t\t\n\t\t\t\t\t<div class=\"info-box-inner set-cont-mb-s reset-last-child\"data-elementor-setting-key=\"content\"><p><span style=\"color: #ff8000;\"><a style=\"color: #ff8000;\" href=\"mailto:napinanystrop@gmail.com\">napinanystrop@gmail.com<\/a><\/span><\/p>\n<\/div>\n\n\t\t\t\t\t\t\t\t\t<\/div>\n\n\t\t\t\t\t\t\t\t\t<a href=\"#\" class=\"wd-info-box-link wd-fill\" aria-label=\"Infobox link\"><\/a>\n\t\t\t\t\t\t\t<\/div>\n\t\t<\/div>\n\t\t\t\t\t\t<\/div>\n\t\t\t\t<\/div>\n\t\t\t\t\t<\/div>\n\t\t<\/div>\n\t\t\t\t<div class=\"elementor-column elementor-col-20 elementor-top-column elementor-element elementor-element-eb1811b\" data-id=\"eb1811b\" data-element_type=\"column\" data-e-type=\"column\">\n\t\t\t<div class=\"elementor-widget-wrap elementor-element-populated\">\n\t\t\t\t\t\t<div class=\"elementor-element elementor-element-049de1f elementor-widget elementor-widget-wd_infobox\" data-id=\"049de1f\" data-element_type=\"widget\" data-e-type=\"widget\" data-widget_type=\"wd_infobox.default\">\n\t\t\t\t<div class=\"elementor-widget-container\">\n\t\t\t\t\t\t\t<div class=\"info-box-wrapper\">\n\t\t\t<div class=\"wd-info-box text-center box-icon-align-top box-style-base color-scheme-\">\n\t\t\t\t\t\t\t\t\t<div class=\"box-icon-wrapper  box-with-text text-size-large box-icon-simple\">\n\t\t\t\t\t\t<div class=\"info-box-icon\">\n\t\t\t\t\t\t\t\t\t\t\t\t\t\t\t4\t\t\t\t\t\t\t\t\t\t\t\t\t<\/div>\n\t\t\t\t\t<\/div>\n\t\t\t\t\n\t\t\t\t<div class=\"info-box-content\">\n\t\t\t\t\t\n\t\t\t\t\t\t\t\t\t\t\t<h4\t\t\t\t\t\tclass=\"info-box-title title box-title-style-default wd-fontsize-xl\" data-elementor-setting-key=\"title\">\n\t\t\t\t\t\t\t\tNap\u00ed\u0161te n\u00e1m na \t\t\t\t\t\t<\/h4>\n\t\t\t\t\t\n\t\t\t\t\t<div class=\"info-box-inner set-cont-mb-s reset-last-child\"data-elementor-setting-key=\"content\"><p><strong><a href=\"https:\/\/www.facebook.com\/profile.php?id=61560100604790\" target=\"_blank\" rel=\"noopener\">Facebook<\/a><\/strong><\/p>\n<p><strong><a href=\"https:\/\/www.instagram.com\/napinanystrop.sk?igsh=MWdicGEwdjB4eHN0bw%3D%3D\" target=\"_blank\" rel=\"noopener\">Instagram<\/a><\/strong><\/p>\n<p><strong><a href=\"https:\/\/wa.me\/421915446422\">WhatsApp<\/a><\/strong><\/p>\n<\/div>\n\n\t\t\t\t\t\t\t\t\t<\/div>\n\n\t\t\t\t\t\t\t\t\t<a href=\"#\" class=\"wd-info-box-link wd-fill\" aria-label=\"Infobox link\"><\/a>\n\t\t\t\t\t\t\t<\/div>\n\t\t<\/div>\n\t\t\t\t\t\t<\/div>\n\t\t\t\t<\/div>\n\t\t\t\t\t<\/div>\n\t\t<\/div>\n\t\t\t\t<div class=\"elementor-column elementor-col-20 elementor-top-column elementor-element elementor-element-df4a9e5\" data-id=\"df4a9e5\" data-element_type=\"column\" data-e-type=\"column\">\n\t\t\t<div class=\"elementor-widget-wrap elementor-element-populated\">\n\t\t\t\t\t\t<div class=\"elementor-element elementor-element-f276cbd elementor-widget elementor-widget-wd_infobox\" data-id=\"f276cbd\" data-element_type=\"widget\" data-e-type=\"widget\" data-widget_type=\"wd_infobox.default\">\n\t\t\t\t<div class=\"elementor-widget-container\">\n\t\t\t\t\t\t\t<div class=\"info-box-wrapper\">\n\t\t\t<div class=\"wd-info-box text-center box-icon-align-top box-style-base color-scheme-\">\n\t\t\t\t\t\t\t\t\t<div class=\"box-icon-wrapper  box-with-text text-size-large box-icon-simple\">\n\t\t\t\t\t\t<div class=\"info-box-icon\">\n\t\t\t\t\t\t\t\t\t\t\t\t\t\t\t5\t\t\t\t\t\t\t\t\t\t\t\t\t<\/div>\n\t\t\t\t\t<\/div>\n\t\t\t\t\n\t\t\t\t<div class=\"info-box-content\">\n\t\t\t\t\t\n\t\t\t\t\t\t\t\t\t\t\t<h4\t\t\t\t\t\tclass=\"info-box-title title box-title-style-default wd-fontsize-xl\" data-elementor-setting-key=\"title\">\n\t\t\t\t\t\t\t\tNav\u0161t\u00edvte n\u00e1\u0161 showroom\t\t\t\t\t\t<\/h4>\n\t\t\t\t\t\n\t\t\t\t\t<div class=\"info-box-inner set-cont-mb-s reset-last-child\"data-elementor-setting-key=\"content\"><p><a href=\"https:\/\/www.kronostav.sk\/kontakty\">Soblahovsk\u00e1 3161, <\/a><\/p>\n<p><a href=\"https:\/\/www.kronostav.sk\/kontakty\">911 01, Tren\u010d\u00edn<\/a><\/p>\n<\/div>\n\n\t\t\t\t\t\t\t\t\t<\/div>\n\n\t\t\t\t\t\t\t\t\t<a href=\"#\" class=\"wd-info-box-link wd-fill\" aria-label=\"Infobox link\"><\/a>\n\t\t\t\t\t\t\t<\/div>\n\t\t<\/div>\n\t\t\t\t\t\t<\/div>\n\t\t\t\t<\/div>\n\t\t\t\t\t<\/div>\n\t\t<\/div>\n\t\t\t\t\t<\/div>\n\t\t<\/section>\n\t\t\t\t<\/div>\n\t\t","protected":false},"excerpt":{"rendered":"<p>V\u00fdhody nap\u00ednan\u00fdch stropov Sme pripraven\u00ed premeni\u0165 aj V\u00e1\u0161 priestor. Ak uva\u017eujete o nap\u00ednanom strope, radi v\u00e1m predstav\u00edme v\u0161etky mo\u017enosti a<\/p>\n","protected":false},"author":1,"featured_media":0,"parent":0,"menu_order":0,"comment_status":"closed","ping_status":"closed","template":"","meta":{"footnotes":""},"class_list":["post-968","page","type-page","status-publish","hentry"],"aioseo_notices":[],"_links":{"self":[{"href":"https:\/\/www.kronostav.sk\/index.php\/wp-json\/wp\/v2\/pages\/968","targetHints":{"allow":["GET"]}}],"collection":[{"href":"https:\/\/www.kronostav.sk\/index.php\/wp-json\/wp\/v2\/pages"}],"about":[{"href":"https:\/\/www.kronostav.sk\/index.php\/wp-json\/wp\/v2\/types\/page"}],"author":[{"embeddable":true,"href":"https:\/\/www.kronostav.sk\/index.php\/wp-json\/wp\/v2\/users\/1"}],"replies":[{"embeddable":true,"href":"https:\/\/www.kronostav.sk\/index.php\/wp-json\/wp\/v2\/comments?post=968"}],"version-history":[{"count":49,"href":"https:\/\/www.kronostav.sk\/index.php\/wp-json\/wp\/v2\/pages\/968\/revisions"}],"predecessor-version":[{"id":3301,"href":"https:\/\/www.kronostav.sk\/index.php\/wp-json\/wp\/v2\/pages\/968\/revisions\/3301"}],"wp:attachment":[{"href":"https:\/\/www.kronostav.sk\/index.php\/wp-json\/wp\/v2\/media?parent=968"}],"curies":[{"name":"wp","href":"https:\/\/api.w.org\/{rel}","templated":true}]}}